{"id":3355,"date":"2017-06-03T23:45:40","date_gmt":"2017-06-03T23:45:40","guid":{"rendered":"http:\/\/realhomes.inspirythemes.com\/?page_id=44"},"modified":"2020-01-27T19:34:04","modified_gmt":"2020-01-28T01:34:04","slug":"home","status":"publish","type":"page","link":"https:\/\/alquileres.trabajemoszn.com\/","title":{"rendered":"Inicio"},"content":{"rendered":"\n<p><p>Como bien lo indica la misi\u00f3n de TrabajemosZN, es\u00a0contribuir a crear un tejido empresarial comprometido con el desarrollo integral de las personas y empresas.<\/p><\/p>\n\n\n\n<p><p>Este micrositio, nace en un momento en donde en el pa\u00eds se ven cada d\u00eda m\u00e1s espacios desocupados y el mercado inmobiliario comercial empez\u00f3 a estancarse. Esto tiene una causa coyuntural con la situaci\u00f3n econ\u00f3mica, pero no es la \u00fanica responsable de lo que acontece en el mercado inmobiliario, por lo que existen negocios que tiene gran posibilidad de permanencia y requiriendo mejorar sus instalaciones o adquirir nuevas, as\u00ed como la necesidad de adquirir una casa o apartamento en venta o alquiler.\u00a0 <\/p><\/p>\n\n\n\n<p>Como parte de su aporte a la\nzona norte y en busca de crear esa sinergia, traemos la herramienta que agrupa\nesos espacios UNICAMENTE de la zona norte y la cual brinda una serie de\nbeneficios a los clientes interesados en rentar como: rapidez, facilidad,\nposibilidad de comparar, agilidad, etc sin tener que moverse a recorrer cada\nuno de los espacios.\n\nAlquileres en\ntrabajemosZN, es el micrositio que contribuye en agrupar las propiedades en\nalquiler o venta para que los usuarios interesados encuentren todas las\npropiedades en un mismo lugar.\n\n\n\n<\/p>\n","protected":false},"excerpt":{"rendered":"<p>Como bien lo indica la misi\u00f3n de TrabajemosZN, es\u00a0contribuir a crear un tejido empresarial comprometido con el desarrollo integral de las personas y empresas. Este micrositio, nace en un momento en donde en el pa\u00eds se ven cada d\u00eda m\u00e1s espacios desocupados y el mercado inmobiliario comercial empez\u00f3 a estancarse. Esto tiene una causa coyuntural&#8230;<\/p>\n","protected":false},"author":1,"featured_media":0,"parent":0,"menu_order":0,"comment_status":"open","ping_status":"closed","template":"templates\/home.php","meta":{"footnotes":""},"class_list":["post-3355","page","type-page","status-publish","hentry"],"_links":{"self":[{"href":"https:\/\/alquileres.trabajemoszn.com\/index.php?rest_route=\/wp\/v2\/pages\/3355","targetHints":{"allow":["GET"]}}],"collection":[{"href":"https:\/\/alquileres.trabajemoszn.com\/index.php?rest_route=\/wp\/v2\/pages"}],"about":[{"href":"https:\/\/alquileres.trabajemoszn.com\/index.php?rest_route=\/wp\/v2\/types\/page"}],"author":[{"embeddable":true,"href":"https:\/\/alquileres.trabajemoszn.com\/index.php?rest_route=\/wp\/v2\/users\/1"}],"replies":[{"embeddable":true,"href":"https:\/\/alquileres.trabajemoszn.com\/index.php?rest_route=%2Fwp%2Fv2%2Fcomments&post=3355"}],"version-history":[{"count":4,"href":"https:\/\/alquileres.trabajemoszn.com\/index.php?rest_route=\/wp\/v2\/pages\/3355\/revisions"}],"predecessor-version":[{"id":3503,"href":"https:\/\/alquileres.trabajemoszn.com\/index.php?rest_route=\/wp\/v2\/pages\/3355\/revisions\/3503"}],"wp:attachment":[{"href":"https:\/\/alquileres.trabajemoszn.com\/index.php?rest_route=%2Fwp%2Fv2%2Fmedia&parent=3355"}],"curies":[{"name":"wp","href":"https:\/\/api.w.org\/{rel}","templated":true}]}}